{"id":112,"date":"2025-10-02T13:40:14","date_gmt":"2025-10-02T13:40:14","guid":{"rendered":"https:\/\/blog.carrelage-et-salle-de-bains.com\/?page_id=112"},"modified":"2025-10-08T13:11:39","modified_gmt":"2025-10-08T13:11:39","slug":"inspiration-et-tendances-carrelage-et-salle-de-bains","status":"publish","type":"page","link":"https:\/\/blog.carrelage-et-salle-de-bains.com\/index.php\/inspiration-et-tendances-carrelage-et-salle-de-bains\/","title":{"rendered":"Inspiration et tendances"},"content":{"rendered":"<p>[et_pb_section fb_built=\u00a0\u00bb1&Prime; admin_label=\u00a0\u00bbHeader Section\u00a0\u00bb _builder_version=\u00a0\u00bb4.27.4&Prime; background_color_gradient_stops=\u00a0\u00bb#000000 0%|rgba(0,0,0,0) 100%\u00a0\u00bb background_color_gradient_overlays_image=\u00a0\u00bbon\u00a0\u00bb background_color_gradient_start=\u00a0\u00bb#000000&Prime; background_color_gradient_end=\u00a0\u00bbrgba(0,0,0,0)\u00a0\u00bb background_image=\u00a0\u00bbhttps:\/\/blog.carrelage-et-salle-de-bains.com\/wp-content\/uploads\/2025\/10\/Capture-decran-2025-10-02-a-15.35.22.png\u00a0\u00bb custom_padding=\u00a0\u00bb10%|0px|20%|0px\u00a0\u00bb global_colors_info=\u00a0\u00bb{}\u00a0\u00bb][et_pb_row admin_label=\u00a0\u00bbTitle Row\u00a0\u00bb _builder_version=\u00a0\u00bb4.16&Prime; global_colors_info=\u00a0\u00bb{}\u00a0\u00bb][et_pb_column type=\u00a0\u00bb4_4&Prime; _builder_version=\u00a0\u00bb4.16&Prime; custom_padding=\u00a0\u00bb|||\u00a0\u00bb global_colors_info=\u00a0\u00bb{}\u00a0\u00bb custom_padding__hover=\u00a0\u00bb|||\u00a0\u00bb][et_pb_text admin_label=\u00a0\u00bbTitle &#038; Paragraph\u00a0\u00bb _builder_version=\u00a0\u00bb4.27.4&Prime; text_font=\u00a0\u00bb|600|||||||\u00a0\u00bb text_text_color=\u00a0\u00bb#FFFFFF\u00a0\u00bb text_font_size=\u00a0\u00bb18px\u00a0\u00bb text_line_height=\u00a0\u00bb1.8em\u00a0\u00bb header_font=\u00a0\u00bb|700|||||||\u00a0\u00bb header_text_color=\u00a0\u00bb#FFFFFF\u00a0\u00bb header_font_size=\u00a0\u00bb65px\u00a0\u00bb header_line_height=\u00a0\u00bb1.4em\u00a0\u00bb header_2_font=\u00a0\u00bb||||||||\u00a0\u00bb text_orientation=\u00a0\u00bbcenter\u00a0\u00bb background_layout=\u00a0\u00bbdark\u00a0\u00bb max_width=\u00a0\u00bb809px\u00a0\u00bb max_width_last_edited=\u00a0\u00bboff|desktop\u00a0\u00bb module_alignment=\u00a0\u00bbcenter\u00a0\u00bb custom_margin=\u00a0\u00bb|||99px||\u00a0\u00bb custom_margin_tablet=\u00a0\u00bb0px|||0px\u00a0\u00bb custom_margin_last_edited=\u00a0\u00bboff|desktop\u00a0\u00bb custom_padding=\u00a0\u00bb|||0px||\u00a0\u00bb custom_padding_last_edited=\u00a0\u00bboff|desktop\u00a0\u00bb animation_style=\u00a0\u00bbfade\u00a0\u00bb header_font_size_tablet=\u00a0\u00bb\u00a0\u00bb header_font_size_phone=\u00a0\u00bb50px\u00a0\u00bb header_font_size_last_edited=\u00a0\u00bbon|phone\u00a0\u00bb global_colors_info=\u00a0\u00bb{}\u00a0\u00bb]<\/p>\n<h1>Inspiration<\/h1>\n<h1>et<\/h1>\n<h1>tendances<\/h1>\n<p><span>Explorez les diff\u00e9rents styles et d\u00e9corations de salle de bains, et d\u00e9couvrez des solutions d\u2019am\u00e9nagement adapt\u00e9es \u00e0 chaque espace.<\/span><\/p>\n<p>[\/et_pb_text][\/et_pb_column][\/et_pb_row][\/et_pb_section][et_pb_section fb_built=\u00a0\u00bb1&Prime; admin_label=\u00a0\u00bbBlog Section\u00a0\u00bb _builder_version=\u00a0\u00bb4.16&Prime; background_position=\u00a0\u00bbtop_center\u00a0\u00bb custom_margin=\u00a0\u00bb-287px|||||\u00a0\u00bb custom_padding=\u00a0\u00bb100px|0px|100px|0px\u00a0\u00bb global_colors_info=\u00a0\u00bb{}\u00a0\u00bb][et_pb_row column_structure=\u00a0\u00bb1_2,1_2&Prime; _builder_version=\u00a0\u00bb4.27.4&Prime; _module_preset=\u00a0\u00bbdefault\u00a0\u00bb global_colors_info=\u00a0\u00bb{}\u00a0\u00bb][et_pb_column type=\u00a0\u00bb1_2&Prime; _builder_version=\u00a0\u00bb4.27.4&Prime; _module_preset=\u00a0\u00bbdefault\u00a0\u00bb global_colors_info=\u00a0\u00bb{}\u00a0\u00bb][et_pb_button button_text=\u00a0\u00bbStyle\u00a0\u00bb button_alignment=\u00a0\u00bbcenter\u00a0\u00bb _builder_version=\u00a0\u00bb4.27.4&Prime; _module_preset=\u00a0\u00bbdefault\u00a0\u00bb custom_button=\u00a0\u00bbon\u00a0\u00bb button_text_color=\u00a0\u00bb#E09900&Prime; hover_enabled=\u00a0\u00bb0&Prime; global_colors_info=\u00a0\u00bb{}\u00a0\u00bb button_url=\u00a0\u00bbhttps:\/\/blog.carrelage-et-salle-de-bains.com\/index.php\/category\/inspiration-et-tendances\/style-salle-de-bains\/\u00a0\u00bb sticky_enabled=\u00a0\u00bb0&Prime;][\/et_pb_button][\/et_pb_column][et_pb_column type=\u00a0\u00bb1_2&Prime; _builder_version=\u00a0\u00bb4.27.4&Prime; _module_preset=\u00a0\u00bbdefault\u00a0\u00bb global_colors_info=\u00a0\u00bb{}\u00a0\u00bb][et_pb_button button_text=\u00a0\u00bbAm\u00e9nagement Sp\u00e9cifique\u00a0\u00bb button_alignment=\u00a0\u00bbcenter\u00a0\u00bb _builder_version=\u00a0\u00bb4.27.4&Prime; _module_preset=\u00a0\u00bbdefault\u00a0\u00bb custom_button=\u00a0\u00bbon\u00a0\u00bb button_text_color=\u00a0\u00bb#E09900&Prime; hover_enabled=\u00a0\u00bb0&Prime; global_colors_info=\u00a0\u00bb{}\u00a0\u00bb button_url=\u00a0\u00bbhttps:\/\/blog.carrelage-et-salle-de-bains.com\/index.php\/category\/inspiration-et-tendances\/amenagement-specifique-salle-de-bains\/\u00a0\u00bb sticky_enabled=\u00a0\u00bb0&Prime;][\/et_pb_button][\/et_pb_column][\/et_pb_row][et_pb_row admin_label=\u00a0\u00bbBlog Posts Row\u00a0\u00bb _builder_version=\u00a0\u00bb4.27.4&Prime; global_colors_info=\u00a0\u00bb{}\u00a0\u00bb][et_pb_column type=\u00a0\u00bb4_4&Prime; _builder_version=\u00a0\u00bb4.27.4&Prime; custom_padding=\u00a0\u00bb|||\u00a0\u00bb global_colors_info=\u00a0\u00bb{}\u00a0\u00bb custom_padding__hover=\u00a0\u00bb|||\u00a0\u00bb][et_pb_blog fullwidth=\u00a0\u00bboff\u00a0\u00bb posts_number=\u00a0\u00bb15&Prime; include_categories=\u00a0\u00bb12,13,14&Prime; _builder_version=\u00a0\u00bb4.27.4&Prime; header_level=\u00a0\u00bbh4&Prime; header_font=\u00a0\u00bbMuli|600|||||||\u00a0\u00bb header_font_size=\u00a0\u00bb18px\u00a0\u00bb header_line_height=\u00a0\u00bb1.4em\u00a0\u00bb body_font=\u00a0\u00bbMuli||||||||\u00a0\u00bb body_font_size=\u00a0\u00bb16px\u00a0\u00bb body_line_height=\u00a0\u00bb1.8em\u00a0\u00bb meta_font=\u00a0\u00bbMuli|600|||||||\u00a0\u00bb meta_text_color=\u00a0\u00bbrgba(0,0,0,0.3)\u00a0\u00bb meta_font_size=\u00a0\u00bb14px\u00a0\u00bb pagination_font=\u00a0\u00bbMuli|700|||||||\u00a0\u00bb pagination_text_color=\u00a0\u00bb#f4583f\u00a0\u00bb border_width_all=\u00a0\u00bb0px\u00a0\u00bb global_colors_info=\u00a0\u00bb{}\u00a0\u00bb][\/et_pb_blog][\/et_pb_column][\/et_pb_row][\/et_pb_section]<\/p>\n","protected":false},"excerpt":{"rendered":"<p>Inspiration et tendances Explorez les diff\u00e9rents styles et d\u00e9corations de salle de bains, et d\u00e9couvrez des solutions d\u2019am\u00e9nagement adapt\u00e9es \u00e0 chaque espace.<\/p>\n","protected":false},"author":1,"featured_media":0,"parent":0,"menu_order":0,"comment_status":"closed","ping_status":"closed","template":"","meta":{"_et_pb_use_builder":"on","_et_pb_old_content":"","_et_gb_content_width":"","footnotes":""},"class_list":["post-112","page","type-page","status-publish","hentry"],"yoast_head":"<!-- This site is optimized with the Yoast SEO plugin v26.8 - https:\/\/yoast.com\/product\/yoast-seo-wordpress\/ -->\n<title>Inspiration et tendances | Carrelage et Salle de Bains<\/title>\n<meta name=\"description\" content=\"Explorez les diff\u00e9rents styles et d\u00e9corations de salle de bains, et d\u00e9couvrez des solutions d\u2019am\u00e9nagement adapt\u00e9es \u00e0 chaque espace.\" \/>\n<meta name=\"robots\" content=\"index, follow, max-snippet:-1, max-image-preview:large, max-video-preview:-1\" \/>\n<link rel=\"canonical\" href=\"https:\/\/blog.carrelage-et-salle-de-bains.com\/index.php\/inspiration-et-tendances-carrelage-et-salle-de-bains\/\" \/>\n<meta property=\"og:locale\" content=\"fr_FR\" \/>\n<meta property=\"og:type\" content=\"article\" \/>\n<meta property=\"og:title\" content=\"Inspiration et tendances | Carrelage et Salle de Bains\" \/>\n<meta property=\"og:description\" content=\"Explorez les diff\u00e9rents styles et d\u00e9corations de salle de bains, et d\u00e9couvrez des solutions d\u2019am\u00e9nagement adapt\u00e9es \u00e0 chaque espace.\" \/>\n<meta property=\"og:url\" content=\"https:\/\/blog.carrelage-et-salle-de-bains.com\/index.php\/inspiration-et-tendances-carrelage-et-salle-de-bains\/\" \/>\n<meta property=\"og:site_name\" content=\"Blog Carrelage et Salle de Bains\" \/>\n<meta property=\"article:publisher\" content=\"https:\/\/www.facebook.com\/share\/19vqGrpstz\/?mibextid=wwXIfr\" \/>\n<meta property=\"article:modified_time\" content=\"2025-10-08T13:11:39+00:00\" \/>\n<meta property=\"og:image\" content=\"https:\/\/blog.carrelage-et-salle-de-bains.com\/wp-content\/uploads\/2025\/10\/cropped-Capture-decran-2025-10-01-a-18.47.47.png\" \/>\n\t<meta property=\"og:image:width\" content=\"512\" \/>\n\t<meta property=\"og:image:height\" content=\"512\" \/>\n\t<meta property=\"og:image:type\" content=\"image\/png\" \/>\n<meta name=\"twitter:card\" content=\"summary_large_image\" \/>\n<meta name=\"twitter:label1\" content=\"Dur\u00e9e de lecture estim\u00e9e\" \/>\n\t<meta name=\"twitter:data1\" content=\"1 minute\" \/>\n<script type=\"application\/ld+json\" class=\"yoast-schema-graph\">{\"@context\":\"https:\/\/schema.org\",\"@graph\":[{\"@type\":\"WebPage\",\"@id\":\"https:\/\/blog.carrelage-et-salle-de-bains.com\/index.php\/inspiration-et-tendances-carrelage-et-salle-de-bains\/\",\"url\":\"https:\/\/blog.carrelage-et-salle-de-bains.com\/index.php\/inspiration-et-tendances-carrelage-et-salle-de-bains\/\",\"name\":\"Inspiration et tendances | Carrelage et Salle de Bains\",\"isPartOf\":{\"@id\":\"https:\/\/blog.carrelage-et-salle-de-bains.com\/#website\"},\"datePublished\":\"2025-10-02T13:40:14+00:00\",\"dateModified\":\"2025-10-08T13:11:39+00:00\",\"description\":\"Explorez les diff\u00e9rents styles et d\u00e9corations de salle de bains, et d\u00e9couvrez des solutions d\u2019am\u00e9nagement adapt\u00e9es \u00e0 chaque espace.\",\"breadcrumb\":{\"@id\":\"https:\/\/blog.carrelage-et-salle-de-bains.com\/index.php\/inspiration-et-tendances-carrelage-et-salle-de-bains\/#breadcrumb\"},\"inLanguage\":\"fr-FR\",\"potentialAction\":[{\"@type\":\"ReadAction\",\"target\":[\"https:\/\/blog.carrelage-et-salle-de-bains.com\/index.php\/inspiration-et-tendances-carrelage-et-salle-de-bains\/\"]}]},{\"@type\":\"BreadcrumbList\",\"@id\":\"https:\/\/blog.carrelage-et-salle-de-bains.com\/index.php\/inspiration-et-tendances-carrelage-et-salle-de-bains\/#breadcrumb\",\"itemListElement\":[{\"@type\":\"ListItem\",\"position\":1,\"name\":\"Accueil\",\"item\":\"https:\/\/blog.carrelage-et-salle-de-bains.com\/\"},{\"@type\":\"ListItem\",\"position\":2,\"name\":\"Inspiration et tendances\"}]},{\"@type\":\"WebSite\",\"@id\":\"https:\/\/blog.carrelage-et-salle-de-bains.com\/#website\",\"url\":\"https:\/\/blog.carrelage-et-salle-de-bains.com\/\",\"name\":\"Blog Carrelage et Salle de Bains\",\"description\":\"\",\"publisher\":{\"@id\":\"https:\/\/blog.carrelage-et-salle-de-bains.com\/#organization\"},\"alternateName\":\"Carrelage et Salle de Bains\",\"potentialAction\":[{\"@type\":\"SearchAction\",\"target\":{\"@type\":\"EntryPoint\",\"urlTemplate\":\"https:\/\/blog.carrelage-et-salle-de-bains.com\/?s={search_term_string}\"},\"query-input\":{\"@type\":\"PropertyValueSpecification\",\"valueRequired\":true,\"valueName\":\"search_term_string\"}}],\"inLanguage\":\"fr-FR\"},{\"@type\":\"Organization\",\"@id\":\"https:\/\/blog.carrelage-et-salle-de-bains.com\/#organization\",\"name\":\"Blog Carrelage et Salle de Bains\",\"url\":\"https:\/\/blog.carrelage-et-salle-de-bains.com\/\",\"logo\":{\"@type\":\"ImageObject\",\"inLanguage\":\"fr-FR\",\"@id\":\"https:\/\/blog.carrelage-et-salle-de-bains.com\/#\/schema\/logo\/image\/\",\"url\":\"https:\/\/blog.carrelage-et-salle-de-bains.com\/wp-content\/uploads\/2025\/09\/Capture-decran-2025-09-30-a-18.34.29.png\",\"contentUrl\":\"https:\/\/blog.carrelage-et-salle-de-bains.com\/wp-content\/uploads\/2025\/09\/Capture-decran-2025-09-30-a-18.34.29.png\",\"width\":924,\"height\":274,\"caption\":\"Blog Carrelage et Salle de Bains\"},\"image\":{\"@id\":\"https:\/\/blog.carrelage-et-salle-de-bains.com\/#\/schema\/logo\/image\/\"},\"sameAs\":[\"https:\/\/www.facebook.com\/share\/19vqGrpstz\/?mibextid=wwXIfr\",\"https:\/\/www.youtube.com\/@carrelage-et-salle-de-bains\",\"https:\/\/www.instagram.com\/carrelageetsalledebain?igsh=MWtocXVwdTRvd3RtaQ==\"]}]}<\/script>\n<!-- \/ Yoast SEO plugin. -->","yoast_head_json":{"title":"Inspiration et tendances | Carrelage et Salle de Bains","description":"Explorez les diff\u00e9rents styles et d\u00e9corations de salle de bains, et d\u00e9couvrez des solutions d\u2019am\u00e9nagement adapt\u00e9es \u00e0 chaque espace.","robots":{"index":"index","follow":"follow","max-snippet":"max-snippet:-1","max-image-preview":"max-image-preview:large","max-video-preview":"max-video-preview:-1"},"canonical":"https:\/\/blog.carrelage-et-salle-de-bains.com\/index.php\/inspiration-et-tendances-carrelage-et-salle-de-bains\/","og_locale":"fr_FR","og_type":"article","og_title":"Inspiration et tendances | Carrelage et Salle de Bains","og_description":"Explorez les diff\u00e9rents styles et d\u00e9corations de salle de bains, et d\u00e9couvrez des solutions d\u2019am\u00e9nagement adapt\u00e9es \u00e0 chaque espace.","og_url":"https:\/\/blog.carrelage-et-salle-de-bains.com\/index.php\/inspiration-et-tendances-carrelage-et-salle-de-bains\/","og_site_name":"Blog Carrelage et Salle de Bains","article_publisher":"https:\/\/www.facebook.com\/share\/19vqGrpstz\/?mibextid=wwXIfr","article_modified_time":"2025-10-08T13:11:39+00:00","og_image":[{"width":512,"height":512,"url":"https:\/\/blog.carrelage-et-salle-de-bains.com\/wp-content\/uploads\/2025\/10\/cropped-Capture-decran-2025-10-01-a-18.47.47.png","type":"image\/png"}],"twitter_card":"summary_large_image","twitter_misc":{"Dur\u00e9e de lecture estim\u00e9e":"1 minute"},"schema":{"@context":"https:\/\/schema.org","@graph":[{"@type":"WebPage","@id":"https:\/\/blog.carrelage-et-salle-de-bains.com\/index.php\/inspiration-et-tendances-carrelage-et-salle-de-bains\/","url":"https:\/\/blog.carrelage-et-salle-de-bains.com\/index.php\/inspiration-et-tendances-carrelage-et-salle-de-bains\/","name":"Inspiration et tendances | Carrelage et Salle de Bains","isPartOf":{"@id":"https:\/\/blog.carrelage-et-salle-de-bains.com\/#website"},"datePublished":"2025-10-02T13:40:14+00:00","dateModified":"2025-10-08T13:11:39+00:00","description":"Explorez les diff\u00e9rents styles et d\u00e9corations de salle de bains, et d\u00e9couvrez des solutions d\u2019am\u00e9nagement adapt\u00e9es \u00e0 chaque espace.","breadcrumb":{"@id":"https:\/\/blog.carrelage-et-salle-de-bains.com\/index.php\/inspiration-et-tendances-carrelage-et-salle-de-bains\/#breadcrumb"},"inLanguage":"fr-FR","potentialAction":[{"@type":"ReadAction","target":["https:\/\/blog.carrelage-et-salle-de-bains.com\/index.php\/inspiration-et-tendances-carrelage-et-salle-de-bains\/"]}]},{"@type":"BreadcrumbList","@id":"https:\/\/blog.carrelage-et-salle-de-bains.com\/index.php\/inspiration-et-tendances-carrelage-et-salle-de-bains\/#breadcrumb","itemListElement":[{"@type":"ListItem","position":1,"name":"Accueil","item":"https:\/\/blog.carrelage-et-salle-de-bains.com\/"},{"@type":"ListItem","position":2,"name":"Inspiration et tendances"}]},{"@type":"WebSite","@id":"https:\/\/blog.carrelage-et-salle-de-bains.com\/#website","url":"https:\/\/blog.carrelage-et-salle-de-bains.com\/","name":"Blog Carrelage et Salle de Bains","description":"","publisher":{"@id":"https:\/\/blog.carrelage-et-salle-de-bains.com\/#organization"},"alternateName":"Carrelage et Salle de Bains","potentialAction":[{"@type":"SearchAction","target":{"@type":"EntryPoint","urlTemplate":"https:\/\/blog.carrelage-et-salle-de-bains.com\/?s={search_term_string}"},"query-input":{"@type":"PropertyValueSpecification","valueRequired":true,"valueName":"search_term_string"}}],"inLanguage":"fr-FR"},{"@type":"Organization","@id":"https:\/\/blog.carrelage-et-salle-de-bains.com\/#organization","name":"Blog Carrelage et Salle de Bains","url":"https:\/\/blog.carrelage-et-salle-de-bains.com\/","logo":{"@type":"ImageObject","inLanguage":"fr-FR","@id":"https:\/\/blog.carrelage-et-salle-de-bains.com\/#\/schema\/logo\/image\/","url":"https:\/\/blog.carrelage-et-salle-de-bains.com\/wp-content\/uploads\/2025\/09\/Capture-decran-2025-09-30-a-18.34.29.png","contentUrl":"https:\/\/blog.carrelage-et-salle-de-bains.com\/wp-content\/uploads\/2025\/09\/Capture-decran-2025-09-30-a-18.34.29.png","width":924,"height":274,"caption":"Blog Carrelage et Salle de Bains"},"image":{"@id":"https:\/\/blog.carrelage-et-salle-de-bains.com\/#\/schema\/logo\/image\/"},"sameAs":["https:\/\/www.facebook.com\/share\/19vqGrpstz\/?mibextid=wwXIfr","https:\/\/www.youtube.com\/@carrelage-et-salle-de-bains","https:\/\/www.instagram.com\/carrelageetsalledebain?igsh=MWtocXVwdTRvd3RtaQ=="]}]}},"_links":{"self":[{"href":"https:\/\/blog.carrelage-et-salle-de-bains.com\/index.php\/wp-json\/wp\/v2\/pages\/112","targetHints":{"allow":["GET"]}}],"collection":[{"href":"https:\/\/blog.carrelage-et-salle-de-bains.com\/index.php\/wp-json\/wp\/v2\/pages"}],"about":[{"href":"https:\/\/blog.carrelage-et-salle-de-bains.com\/index.php\/wp-json\/wp\/v2\/types\/page"}],"author":[{"embeddable":true,"href":"https:\/\/blog.carrelage-et-salle-de-bains.com\/index.php\/wp-json\/wp\/v2\/users\/1"}],"replies":[{"embeddable":true,"href":"https:\/\/blog.carrelage-et-salle-de-bains.com\/index.php\/wp-json\/wp\/v2\/comments?post=112"}],"version-history":[{"count":6,"href":"https:\/\/blog.carrelage-et-salle-de-bains.com\/index.php\/wp-json\/wp\/v2\/pages\/112\/revisions"}],"predecessor-version":[{"id":258,"href":"https:\/\/blog.carrelage-et-salle-de-bains.com\/index.php\/wp-json\/wp\/v2\/pages\/112\/revisions\/258"}],"wp:attachment":[{"href":"https:\/\/blog.carrelage-et-salle-de-bains.com\/index.php\/wp-json\/wp\/v2\/media?parent=112"}],"curies":[{"name":"wp","href":"https:\/\/api.w.org\/{rel}","templated":true}]}}